{"id":5421,"date":"2026-02-09T10:28:11","date_gmt":"2026-02-09T09:28:11","guid":{"rendered":"https:\/\/www.2dr.it\/?page_id=5421"},"modified":"2026-02-09T10:44:25","modified_gmt":"2026-02-09T09:44:25","slug":"2dr","status":"publish","type":"page","link":"https:\/\/www.2dr.it\/","title":{"rendered":"2dr"},"content":{"rendered":"<p>[vc_section el_id=&#8221;bootSite&#8221;][vc_row][vc_column]<div  class=\"wpb_content_element   clearfix\"><style type=\"text\/css\">#ut_am_6a0306e69310e { opacity: 1; }#ut_am_wrap_6a0306e693110 .ut-image-gallery-item-caption-title h3 { letter-spacing: 0em; }#ut_am_wrap_6a0306e693110 .ut-gallery-slider-caption { font-weight: bold; }#ut_am_wrap_6a0306e693110 { text-align: center; }@media (min-width: 768px) and (max-width: 1024px) { #ut_am_wrap_6a0306e693110 { text-align: center !important; } }@media (max-width: 767px) { #ut_am_wrap_6a0306e693110 { text-align: center !important; } }<\/style><div id=\"ut_am_wrap_6a0306e693110\" class=\"ut-image-gallery-image \"><div id=\"ut_reveal_6a0306e693111\"  data-appear-top-offset=\"auto\" class=\"ut-animated-image-item ut-image-gallery-item ut-animation-done \"><a class=\"ut-deactivated-link\" href=\"#\"><div class=\"ut-animated-image-zoom\"><img class=\"ut-lazy skip-lazy ut-animated-image\"  id=\"ut_am_6a0306e69310e\" src=\"data:image\/svg+xml;charset=utf-8,%3Csvg xmlns%3D'http%3A%2F%2Fwww.w3.org%2F2000%2Fsvg' viewBox%3D'0 0 601 186'%2F%3E\" data-src=\"https:\/\/www.2dr.it\/wp-content\/uploads\/2020\/10\/Logo.png\" width=\"601\" height=\"186\" alt=\"\"\/><\/div><\/a><\/div><\/div><\/div>[vc_column_text]<\/p>\n<h2 id=\"myf\" style=\"text-align: center; color: #05608c; font-size: xx-large;\">2DR Engineering srl<\/h2>\n<p>[\/vc_column_text][vc_separator color=&#8221;custom&#8221; el_width=&#8221;10&#8243; accent_color=&#8221;#53b895&#8243;][vc_row_inner equal_height=&#8221;yes&#8221;][vc_column_inner width=&#8221;1\/2&#8243;][vc_column_text]<\/p>\n<p style=\"text-align: left; color: #1e2223;\"><strong>2DR Engineering S.r.l<\/strong>. \u00e8 una<strong> societ\u00e0 di ingegneria<\/strong> che ha la sua sede in L&#8217;Aquila, in S.S.17 Ovest n.36 e nasce dalla continuit\u00e0 lavorativa dei soci fondatori, da cui eredita sia le esperienze professionali, sia la struttura intesa come gruppo di lavoro consolidato nel corso degli anni.<\/p>\n<p>[\/vc_column_text][\/vc_column_inner][vc_column_inner width=&#8221;1\/2&#8243;][vc_column_text]<\/p>\n<p style=\"text-align: left color: #1e2223;\">2DR Engineering S.r.l. <strong>opera sul mercato dell\u2019edilizia pubblica e privata<\/strong> nei seguenti campi:<br \/>\n<strong>\u2022Progettazione di opere di ingegneria, <\/strong><strong>di architettura;<\/strong><br \/>\n<strong>\u2022Project management;<\/strong><br \/>\n<strong>\u2022Project construction.<\/strong><\/p>\n<p>[\/vc_column_text][\/vc_column_inner][\/vc_row_inner][vc_column_text]<\/p>\n<p data-path-to-node=\"9,0\">Il nuovo portale di 2DR Engineering sar\u00e0 online a breve con tutti gli aggiornamenti sui nostri servizi di Ingegneria Integrata, BIM e Telecomunicazioni.<\/p>\n<p data-path-to-node=\"9,1\">Nel frattempo, siamo pienamente operativi. Per informazioni, preventivi o urgenze, potete contattarci ai nostri recapiti diretti.<\/p>\n<p>[\/vc_column_text][\/vc_column][\/vc_row][\/vc_section][vc_section css=&#8221;.vc_custom_1606221353004{background-image: url(http:\/\/www.2dr.it\/wp-content\/uploads\/2020\/10\/BG_Contatti.png?id=4950) !important;}&#8221; el_id=&#8221;contatti&#8221;][vc_row][vc_column]<style type=\"text\/css\">#ut_custom_heading6a0306e693204 { color:#05608c; }#ut_custom_heading6a0306e693204 { text-align:center; }@media (min-width: 768px) and (max-width: 1024px) { #ut_custom_heading6a0306e693204 { text-align:center; } }@media (max-width: 767px) { #ut_custom_heading6a0306e693204 { text-align:center; } }<\/style><h2 id=\"ut_custom_heading6a0306e693204\" class=\"ut-custom-heading-module  \" ><span class=\"\" >Contattaci<\/span><\/h2><style type=\"text\/css\">#ut_custom_heading6a0306e69325b { color:#666666; }#ut_custom_heading6a0306e69325b { text-align:center; }@media (min-width: 768px) and (max-width: 1024px) { #ut_custom_heading6a0306e69325b { text-align:center; } }@media (max-width: 767px) { #ut_custom_heading6a0306e69325b { text-align:center; } }<\/style><p id=\"ut_custom_heading6a0306e69325b\" class=\"ut-custom-heading-module  \" ><span class=\"\" >Il nostro team \u00e8 pronto per cominciare nuovi progetti!<br \/>\nContattaci subito per una collaborazione, un preventivo o per una consulenza<\/span><\/p>[vc_row_inner gap=&#8221;20&#8243; css=&#8221;.vc_custom_1603528552756{border-radius: 1px !important;}&#8221;][vc_column_inner width=&#8221;1\/2&#8243; css=&#8221;.vc_custom_1606493557091{border-top-width: 1px !important;border-right-width: 1px !important;border-bottom-width: 1px !important;border-left-width: 1px !important;padding-top: 40px !important;padding-right: 30px !important;padding-bottom: 40px !important;padding-left: 30px !important;border-left-color: #1e2223 !important;border-left-style: groove !important;border-right-color: #1e2223 !important;border-right-style: groove !important;border-top-color: #1e2223 !important;border-top-style: groove !important;border-bottom-color: #1e2223 !important;border-bottom-style: groove !important;border-radius: 1px !important;}&#8221;]<style type=\"text\/css\">#ut_custom_heading6a0306e69328a { color:#05608c; }#ut_custom_heading6a0306e69328a { text-align:left; }@media (min-width: 768px) and (max-width: 1024px) { #ut_custom_heading6a0306e69328a { text-align:left; } }@media (max-width: 767px) { #ut_custom_heading6a0306e69328a { text-align:left; } }<\/style><h3 id=\"ut_custom_heading6a0306e69328a\" class=\"ut-custom-heading-module  \" ><span class=\"\" >Dove siamo<\/span><\/h3><div class=\"wpb_content_element \"><style class=\"bklyn-inline-styles\" type=\"text\/css\">#ut_fl_6a0306e693ff9188956859.bklyn-fancy-list { font-size: 14px !important; }<\/style><div id=\"ut_fl_6a0306e693ff9188956859\" class=\"bklyn-fancy-list  bklyn-fancy-list-left bklyn-fancy-list-tablet-left bklyn-fancy-list-mobile-left\"><ul class=\"bklyn-list bklyn-list-style-none\" data-appear-top-offset=\"almost\"><li class=\"bklyn-list-item-space-xsmall bklyn-fancy-list-item-has-icon bklyn-fancy-list-item-has-icon-center\"><i class=\"fa fa-home\"><\/i><div class=\"bklyn-fancy-list-content\"><span>Statale 17 ovest - 36 | L\u2019Aquila 67100<\/span><\/div><\/a><\/li><li class=\"bklyn-list-item-space-xsmall bklyn-fancy-list-item-has-icon bklyn-fancy-list-item-has-icon-center\"><i class=\"fa fa-phone\"><\/i><div class=\"bklyn-fancy-list-content\"><span>0862 292809<\/span><br \/><span>3482337059<\/span><\/div><\/a><\/li><li class=\"bklyn-list-item-space-xsmall bklyn-fancy-list-item-has-icon bklyn-fancy-list-item-has-icon-center\"><i class=\"fa fa-envelope-o\"><\/i><div class=\"bklyn-fancy-list-content\"><span>info@2dr.it<\/span><\/div><\/a><\/li><li class=\"bklyn-list-item-space-xsmall bklyn-fancy-list-item-has-icon bklyn-fancy-list-item-has-icon-center\"><a title=\"\" href=\"https:\/\/www.linkedin.com\/company\/2dr-engineering-srl\/\" target=\" _blank\" ><i class=\"fa fa-linkedin-square\"><\/i><div class=\"bklyn-fancy-list-content\"><span>Linkedin<\/span><\/div><\/a><\/li><\/ul><\/div><\/div>[\/vc_column_inner][vc_column_inner width=&#8221;1\/2&#8243; css=&#8221;.vc_custom_1603528402992{border: 1px groove #1e2223 !important;}&#8221;]<style type=\"text\/css\">#ut_custom_heading6a0306e69409a { color:#05608c; }#ut_custom_heading6a0306e69409a { text-align:left; }@media (min-width: 768px) and (max-width: 1024px) { #ut_custom_heading6a0306e69409a { text-align:left; } }@media (max-width: 767px) { #ut_custom_heading6a0306e69409a { text-align:left; } }<\/style><h3 id=\"ut_custom_heading6a0306e69409a\" class=\"ut-custom-heading-module  \" ><span class=\"\" >Scrivici un messaggio<\/span><\/h3><style type=\"text\/css\">#ut_cf7_colors_6a0306e6940be { color:#ffffff; }<\/style><div id=\"ut_cf7_colors_6a0306e6940be\" class=\"wpb_content_element ut-cf7-dark-skin  vc_custom_1603475133235\"><div role=\"form\" class=\"wpcf7\" id=\"wpcf7-f4954-o1\" lang=\"it-IT\" dir=\"ltr\">\n<div class=\"screen-reader-response\"><p role=\"status\" aria-live=\"polite\" aria-atomic=\"true\"><\/p> <ul><\/ul><\/div>\n<form action=\"\/index.php\/wp-json\/wp\/v2\/pages\/5421#wpcf7-f4954-o1\" method=\"post\" class=\"wpcf7-form init\" novalidate=\"novalidate\" data-status=\"init\">\n<div style=\"display: none;\">\n<input type=\"hidden\" name=\"_wpcf7\" value=\"4954\" \/>\n<input type=\"hidden\" name=\"_wpcf7_version\" value=\"5.3\" \/>\n<input type=\"hidden\" name=\"_wpcf7_locale\" value=\"it_IT\" \/>\n<input type=\"hidden\" name=\"_wpcf7_unit_tag\" value=\"wpcf7-f4954-o1\" \/>\n<input type=\"hidden\" name=\"_wpcf7_container_post\" value=\"0\" \/>\n<input type=\"hidden\" name=\"_wpcf7_posted_data_hash\" value=\"\" \/>\n<\/div>\n<p><label> NOME<br \/>\n    <span class=\"wpcf7-form-control-wrap your-name\"><input type=\"text\" name=\"your-name\" value=\"\" size=\"40\" class=\"wpcf7-form-control wpcf7-text wpcf7-validates-as-required\" aria-required=\"true\" aria-invalid=\"false\" \/><\/span> <\/label><\/p>\n<p><label> COGNOME<br \/>\n    <span class=\"wpcf7-form-control-wrap your-email\"><input type=\"email\" name=\"your-email\" value=\"\" size=\"40\" class=\"wpcf7-form-control wpcf7-text wpcf7-email wpcf7-validates-as-required wpcf7-validates-as-email\" aria-required=\"true\" aria-invalid=\"false\" \/><\/span> <\/label><\/p>\n<p><label> EMAIL<br \/>\n    <span class=\"wpcf7-form-control-wrap your-subject\"><input type=\"text\" name=\"your-subject\" value=\"\" size=\"40\" class=\"wpcf7-form-control wpcf7-text wpcf7-validates-as-required\" aria-required=\"true\" aria-invalid=\"false\" \/><\/span> <\/label><\/p>\n<p><label> MESSAGGIO<br \/>\n    <span class=\"wpcf7-form-control-wrap your-message\"><textarea name=\"your-message\" cols=\"40\" rows=\"10\" class=\"wpcf7-form-control wpcf7-textarea\" aria-invalid=\"false\"><\/textarea><\/span> <\/label><\/p>\n<p><input type=\"submit\" value=\"INVIA\" class=\"wpcf7-form-control wpcf7-submit\" \/><\/p>\n<div class=\"wpcf7-response-output\" aria-hidden=\"true\"><\/div><\/form><\/div><\/div>[\/vc_column_inner][\/vc_row_inner][\/vc_column][\/vc_row][\/vc_section]<\/p>\n","protected":false},"excerpt":{"rendered":"<p>[vc_section el_id=&#8221;bootSite&#8221;][vc_row][vc_column][vc_column_text] 2DR Engineering srl [\/vc_column_text][vc_separator color=&#8221;custom&#8221; el_width=&#8221;10&#8243; accent_color=&#8221;#53b895&#8243;][vc_row_inner equal_height=&#8221;yes&#8221;][vc_column_inner width=&#8221;1\/2&#8243;][vc_column_text] 2DR Engineering S.r.l. \u00e8 una societ\u00e0 di ingegneria che ha la sua sede in L&#8217;Aquila, in S.S.17 Ovest n.36 e nasce dalla continuit\u00e0 lavorativa dei soci fondatori, da cui eredita sia le esperienze professionali, sia la struttura intesa come gruppo di lavoro consolidato nel [&hellip;]<\/p>\n","protected":false},"author":2,"featured_media":0,"parent":0,"menu_order":0,"comment_status":"closed","ping_status":"closed","template":"","meta":[],"_links":{"self":[{"href":"https:\/\/www.2dr.it\/index.php\/wp-json\/wp\/v2\/pages\/5421"}],"collection":[{"href":"https:\/\/www.2dr.it\/index.php\/wp-json\/wp\/v2\/pages"}],"about":[{"href":"https:\/\/www.2dr.it\/index.php\/wp-json\/wp\/v2\/types\/page"}],"author":[{"embeddable":true,"href":"https:\/\/www.2dr.it\/index.php\/wp-json\/wp\/v2\/users\/2"}],"replies":[{"embeddable":true,"href":"https:\/\/www.2dr.it\/index.php\/wp-json\/wp\/v2\/comments?post=5421"}],"version-history":[{"count":3,"href":"https:\/\/www.2dr.it\/index.php\/wp-json\/wp\/v2\/pages\/5421\/revisions"}],"predecessor-version":[{"id":5425,"href":"https:\/\/www.2dr.it\/index.php\/wp-json\/wp\/v2\/pages\/5421\/revisions\/5425"}],"wp:attachment":[{"href":"https:\/\/www.2dr.it\/index.php\/wp-json\/wp\/v2\/media?parent=5421"}],"curies":[{"name":"wp","href":"https:\/\/api.w.org\/{rel}","templated":true}]}}